{"id":1063,"date":"2019-04-05T11:43:58","date_gmt":"2019-04-05T14:43:58","guid":{"rendered":"https:\/\/isfdbagralpico-lpa.infd.edu.ar\/sitio\/?page_id=1063"},"modified":"2023-08-22T22:45:43","modified_gmt":"2023-08-23T01:45:43","slug":"tecnicatura-en-diseno-visual","status":"publish","type":"page","link":"https:\/\/isfdbagralpico-lpa.infd.edu.ar\/sitio\/tecnicatura-en-diseno-visual\/","title":{"rendered":"Tecnicatura Superior  en Dise\u00f1o y Producci\u00f3n Multimedial"},"content":{"rendered":"<p style=\"text-align: left;\"><img decoding=\"async\" loading=\"lazy\" class=\"aligncenter size-medium wp-image-1237\" src=\"https:\/\/isfdbagralpico-lpa.infd.edu.ar\/sitio\/wp-content\/uploads\/2021\/10\/imagen-5-1000x210.png\" alt=\"\" width=\"1000\" height=\"210\" srcset=\"https:\/\/isfdbagralpico-lpa.infd.edu.ar\/sitio\/wp-content\/uploads\/2021\/10\/imagen-5-1000x210.png 1000w, https:\/\/isfdbagralpico-lpa.infd.edu.ar\/sitio\/wp-content\/uploads\/2021\/10\/imagen-5-768x161.png 768w, https:\/\/isfdbagralpico-lpa.infd.edu.ar\/sitio\/wp-content\/uploads\/2021\/10\/imagen-5.png 1221w\" sizes=\"(max-width: 1000px) 100vw, 1000px\" \/><\/p>\n<p><strong>Duraci\u00f3n 3 a\u00f1os<\/strong><\/p>\n<p><strong>Perfil profesional<\/strong><\/p>\n<p>-Gesti\u00f3n de estrategias de comunicaci\u00f3n y contenidos en redes sociales para<br \/>\ndiferentes tipos de instituciones (Estado, empresas, ONG, trabajo<br \/>\naut\u00f3nomo\/emprendedor)<br \/>\n-Participaci\u00f3n en equipos interdisciplinarios para la administraci\u00f3n y el dise\u00f1o<br \/>\nsobre plataformas digitales educativas y\/o p\u00e1ginas web.<br \/>\n-Dise\u00f1o y coordinaci\u00f3n de productos multimediales para medios de comunicaci\u00f3n<br \/>\n(radio, televisi\u00f3n y gr\u00e1fica)<\/p>\n<p>Modalidad semipresencial de cursado<br \/>\nCursado intensivo los d\u00edas s\u00e1bados de 8.00 horas a 20.00 horas complementado con<br \/>\nentrega de trabajos por un ambiente virtual<\/p>\n<p><a href=\"https:\/\/drive.google.com\/file\/d\/19CSSfzU_obq_WcLCPxPkiA6-OaXQC6dw\/view?usp=drive_link\">Plan de estudios<\/a><\/p>\n<p><span lang=\"ES-TRAD\"><span style=\"font-size: medium; font-family: Arial;\"><br \/>\n<\/span><\/span><br \/>\n<span lang=\"ES-TRAD\"><span style=\"font-size: medium; font-family: Arial;\"><br \/>\n<\/span><\/span><\/p>\n","protected":false},"excerpt":{"rendered":"<p>Duraci\u00f3n 3 a\u00f1os Perfil profesional -Gesti\u00f3n de estrategias de comunicaci\u00f3n y contenidos en redes sociales para diferentes tipos de instituciones (Estado, empresas, ONG, trabajo aut\u00f3nomo\/emprendedor) -Participaci\u00f3n en equipos interdisciplinarios para la administraci\u00f3n y el dise\u00f1o sobre plataformas digitales educativas y\/o p\u00e1ginas web. -Dise\u00f1o y coordinaci\u00f3n de productos multimediales para medios de comunicaci\u00f3n (radio, televisi\u00f3n y &#8230; <a title=\"Tecnicatura Superior  en Dise\u00f1o y Producci\u00f3n Multimedial\" class=\"read-more\" href=\"https:\/\/isfdbagralpico-lpa.infd.edu.ar\/sitio\/tecnicatura-en-diseno-visual\/\" aria-label=\"More on Tecnicatura Superior  en Dise\u00f1o y Producci\u00f3n Multimedial\">[+]<\/a><\/p>\n","protected":false},"author":123,"featured_media":0,"parent":0,"menu_order":0,"comment_status":"closed","ping_status":"closed","template":"","meta":[],"acf":[],"_links":{"self":[{"href":"https:\/\/isfdbagralpico-lpa.infd.edu.ar\/sitio\/wp-json\/wp\/v2\/pages\/1063"}],"collection":[{"href":"https:\/\/isfdbagralpico-lpa.infd.edu.ar\/sitio\/wp-json\/wp\/v2\/pages"}],"about":[{"href":"https:\/\/isfdbagralpico-lpa.infd.edu.ar\/sitio\/wp-json\/wp\/v2\/types\/page"}],"author":[{"embeddable":true,"href":"https:\/\/isfdbagralpico-lpa.infd.edu.ar\/sitio\/wp-json\/wp\/v2\/users\/123"}],"replies":[{"embeddable":true,"href":"https:\/\/isfdbagralpico-lpa.infd.edu.ar\/sitio\/wp-json\/wp\/v2\/comments?post=1063"}],"version-history":[{"count":13,"href":"https:\/\/isfdbagralpico-lpa.infd.edu.ar\/sitio\/wp-json\/wp\/v2\/pages\/1063\/revisions"}],"predecessor-version":[{"id":1463,"href":"https:\/\/isfdbagralpico-lpa.infd.edu.ar\/sitio\/wp-json\/wp\/v2\/pages\/1063\/revisions\/1463"}],"wp:attachment":[{"href":"https:\/\/isfdbagralpico-lpa.infd.edu.ar\/sitio\/wp-json\/wp\/v2\/media?parent=1063"}],"curies":[{"name":"wp","href":"https:\/\/api.w.org\/{rel}","templated":true}]}}