{"id":1137,"date":"2019-04-28T14:15:58","date_gmt":"2019-04-28T17:15:58","guid":{"rendered":"https:\/\/isfdbagralpico-lpa.infd.edu.ar\/sitio\/?page_id=1137"},"modified":"2025-06-18T23:19:00","modified_gmt":"2025-06-19T02:19:00","slug":"historia-institucional","status":"publish","type":"page","link":"https:\/\/isfdbagralpico-lpa.infd.edu.ar\/sitio\/historia-institucional\/","title":{"rendered":"Historia Institucional"},"content":{"rendered":"<p style=\"text-align: center;\">El Instituto Superior de Bellas Artes \u201cMunicipalidad de General Pico\u201d (ISBA) se constituye como centro educativo en 1990 y comienza a funcionar el 10 de abril de 1992.\u00a0\u00a0 La Municipalidad de General Pico,\u00a0 fundadora de este lugar de formaci\u00f3n, que adem\u00e1s le otorga su nombre, tuvo la iniciativa de crear un espacio donde la educaci\u00f3n y la cultura fuera el \u00e1mbito propicio para la formaci\u00f3n de docentes de Artes Pl\u00e1sticas en un comienzo.<\/p>\n<p style=\"text-align: center;\">El edificio hist\u00f3rico popularmente llamado \u201cCasa de los Ingleses\u201d, del antiguo Ferrocarril Oeste, fue cedido a la Municipalidad de General Pico para la concreci\u00f3n del proyecto y se convirti\u00f3 en un lugar emblem\u00e1tico del arte en nuestra ciudad.\u00a0\u00a0 En 1994, frente al crecimiento de la matr\u00edcula y las necesidades espec\u00edficas de la carrera que requer\u00eda de talleres para cada disciplina, se construyeron otras dependencias anexas al predio hist\u00f3rico.<\/p>\n<p style=\"text-align: center;\">Entre 1997 y 1999 el ISBA no recibi\u00f3 a nuevo estudiantado \u00a0hasta reformular sus planes de estudio, requerimiento del Ministerio de Educaci\u00f3n de la Naci\u00f3n en el marco de la Ley Federal de educaci\u00f3n.\u00a0\u00a0 Reci\u00e9n en el a\u00f1o \u00a02000 abri\u00f3 nuevamente la inscripci\u00f3n promoviendo la formaci\u00f3n de futuros Profesores \u00a0de Artes\u00a0 en Artes visuales\u00a0 y M\u00fasica.\u00a0\u00a0\u00a0 Con el tiempo tambi\u00e9n se ofertaron distintas tecnicaturas de nivel superior.\u00a0\u00a0 En el a\u00f1o \u00a02008 el ISBA fue trasferido al Ministerio de Cultura y Educaci\u00f3n de la Provincia de la Pampa convirti\u00e9ndose en un Instituto Superior de Formaci\u00f3n docente estatal.<\/p>\n<p style=\"text-align: center;\">Actualmente recibe gran cantidad de estudiantado de toda la zona norte de nuestra provincia as\u00ed como tambi\u00e9n concurren estudiantes de las provincias de San Luis, del oeste de la provincia de Buenos Aires, del norte de Rio Negro y, del este de Neuqu\u00e9n.<\/p>\n<p style=\"text-align: center;\">Este Instituto de Educaci\u00f3n Superior se proyecta como un lugar de formaci\u00f3n continua, de extensi\u00f3n comunitaria y de investigaci\u00f3n.<\/p>\n<p><strong>En el a\u00f1o 2022 el Instituto cumpli\u00f3 30 a\u00f1os.\u00a0<\/strong><\/p>\n<p><img decoding=\"async\" loading=\"lazy\" class=\"wp-image-1451 alignleft\" src=\"https:\/\/isfdbagralpico-lpa.infd.edu.ar\/sitio\/wp-content\/uploads\/2023\/08\/70296485_171504597321879_5169355335328071680_n.jpg\" alt=\"\" width=\"406\" height=\"406\" \/> <img decoding=\"async\" loading=\"lazy\" class=\"alignnone  wp-image-1452\" src=\"https:\/\/isfdbagralpico-lpa.infd.edu.ar\/sitio\/wp-content\/uploads\/2023\/08\/30-anos.jpg\" alt=\"\" width=\"406\" height=\"406\" srcset=\"https:\/\/isfdbagralpico-lpa.infd.edu.ar\/sitio\/wp-content\/uploads\/2023\/08\/30-anos.jpg 867w, https:\/\/isfdbagralpico-lpa.infd.edu.ar\/sitio\/wp-content\/uploads\/2023\/08\/30-anos-500x500.jpg 500w, https:\/\/isfdbagralpico-lpa.infd.edu.ar\/sitio\/wp-content\/uploads\/2023\/08\/30-anos-768x768.jpg 768w\" sizes=\"(max-width: 406px) 100vw, 406px\" \/><\/p>\n<p><strong>En el a\u00f1o 2023 se consolida la Asociaci\u00f3n Civil Cooperadora \u00abInstituto Superior de Bellas Artes\u00bb<\/strong>, siendo su presidente Carlos Daniel Acu\u00f1a.<\/p>\n<p><img decoding=\"async\" loading=\"lazy\" class=\"wp-image-1453 aligncenter\" src=\"https:\/\/isfdbagralpico-lpa.infd.edu.ar\/sitio\/wp-content\/uploads\/2023\/08\/100053785_284425132696491_4380312908966395904_n-1-1000x1000.jpg\" alt=\"\" width=\"296\" height=\"296\" srcset=\"https:\/\/isfdbagralpico-lpa.infd.edu.ar\/sitio\/wp-content\/uploads\/2023\/08\/100053785_284425132696491_4380312908966395904_n-1-1000x1000.jpg 1000w, https:\/\/isfdbagralpico-lpa.infd.edu.ar\/sitio\/wp-content\/uploads\/2023\/08\/100053785_284425132696491_4380312908966395904_n-1-500x500.jpg 500w, https:\/\/isfdbagralpico-lpa.infd.edu.ar\/sitio\/wp-content\/uploads\/2023\/08\/100053785_284425132696491_4380312908966395904_n-1-768x768.jpg 768w, https:\/\/isfdbagralpico-lpa.infd.edu.ar\/sitio\/wp-content\/uploads\/2023\/08\/100053785_284425132696491_4380312908966395904_n-1.jpg 1080w\" sizes=\"(max-width: 296px) 100vw, 296px\" \/><\/p>\n<p style=\"text-align: center;\">Tambi\u00e9n, <strong>en 2023, la instituci\u00f3n es designada como Punto Progresar Zona Norte<\/strong> de la provincia por lo cual recibi\u00f3 dispositivos. Los Puntos Progresar tienen como objetivo ser un espacio f\u00edsico de acceso libre para los\/as estudiantes,impulsar estrategias de acompa\u00f1amiento a las trayectorias educativas, generar un trabajo en red en la localidad para garantizar el derecho a la educaci\u00f3n.<\/p>\n<p><img decoding=\"async\" loading=\"lazy\" class=\"size-medium wp-image-1454 aligncenter\" src=\"https:\/\/isfdbagralpico-lpa.infd.edu.ar\/sitio\/wp-content\/uploads\/2023\/08\/progresar-800x1000.jpg\" alt=\"\" width=\"800\" height=\"1000\" srcset=\"https:\/\/isfdbagralpico-lpa.infd.edu.ar\/sitio\/wp-content\/uploads\/2023\/08\/progresar-800x1000.jpg 800w, https:\/\/isfdbagralpico-lpa.infd.edu.ar\/sitio\/wp-content\/uploads\/2023\/08\/progresar-768x960.jpg 768w, https:\/\/isfdbagralpico-lpa.infd.edu.ar\/sitio\/wp-content\/uploads\/2023\/08\/progresar.jpg 900w\" sizes=\"(max-width: 800px) 100vw, 800px\" \/><\/p>\n<p><strong>En el a\u00f1o 2024<\/strong>\u00a0el Instituto tambi\u00e9n se convierte en sede de la <strong>carrera Tecnicatura Superior en Acompa\u00f1amiento Terap\u00e9utico.<\/strong> Adem\u00e1s, se desarrolla la I\u00a0<strong>Jornada de Pr\u00e1cticas<\/strong> y <strong>Reflexi\u00f3n Docentes,<\/strong> recibiendo docentes y estudiantes de todos los Institutos de Formaci\u00f3n Docente para el intercambio de experiencias e investigaciones educativas.<\/p>\n<p><img decoding=\"async\" src=\"https:\/\/scontent.frsa2-1.fna.fbcdn.net\/v\/t51.75761-15\/487171619_18156188704358347_5714019624693328232_n.jpg?stp=dst-jpg_tt6&amp;_nc_cat=100&amp;ccb=1-7&amp;_nc_sid=127cfc&amp;_nc_ohc=bRRsGP1ns4gQ7kNvwFGzweH&amp;_nc_oc=AdkV10qev1hTpmxENJ4TSkAJJSrsPQ-pNSOOIoFBP8A_uZGe4HkvC8G5LSZITEp2Fhc&amp;_nc_zt=23&amp;_nc_ht=scontent.frsa2-1.fna&amp;_nc_gid=0X6dJl0HdmFPpzU_Lqko2Q&amp;oh=00_AfOcpPwKr8P37rRA3Muxe0S1u6ZsaX2dCOH8iHq8viDwsg&amp;oe=68595CC8\" alt=\"Puede ser una imagen de 9 personas, personas estudiando y texto\" \/><\/p>\n","protected":false},"excerpt":{"rendered":"<p>El Instituto Superior de Bellas Artes \u201cMunicipalidad de General Pico\u201d (ISBA) se constituye como centro educativo en 1990 y comienza a funcionar el 10 de abril de 1992.\u00a0\u00a0 La Municipalidad de General Pico,\u00a0 fundadora de este lugar de formaci\u00f3n, que adem\u00e1s le otorga su nombre, tuvo la iniciativa de crear un espacio donde la educaci\u00f3n &#8230; <a title=\"Historia Institucional\" class=\"read-more\" href=\"https:\/\/isfdbagralpico-lpa.infd.edu.ar\/sitio\/historia-institucional\/\" aria-label=\"More on Historia Institucional\">[+]<\/a><\/p>\n","protected":false},"author":123,"featured_media":0,"parent":0,"menu_order":0,"comment_status":"closed","ping_status":"closed","template":"","meta":[],"acf":[],"_links":{"self":[{"href":"https:\/\/isfdbagralpico-lpa.infd.edu.ar\/sitio\/wp-json\/wp\/v2\/pages\/1137"}],"collection":[{"href":"https:\/\/isfdbagralpico-lpa.infd.edu.ar\/sitio\/wp-json\/wp\/v2\/pages"}],"about":[{"href":"https:\/\/isfdbagralpico-lpa.infd.edu.ar\/sitio\/wp-json\/wp\/v2\/types\/page"}],"author":[{"embeddable":true,"href":"https:\/\/isfdbagralpico-lpa.infd.edu.ar\/sitio\/wp-json\/wp\/v2\/users\/123"}],"replies":[{"embeddable":true,"href":"https:\/\/isfdbagralpico-lpa.infd.edu.ar\/sitio\/wp-json\/wp\/v2\/comments?post=1137"}],"version-history":[{"count":4,"href":"https:\/\/isfdbagralpico-lpa.infd.edu.ar\/sitio\/wp-json\/wp\/v2\/pages\/1137\/revisions"}],"predecessor-version":[{"id":1659,"href":"https:\/\/isfdbagralpico-lpa.infd.edu.ar\/sitio\/wp-json\/wp\/v2\/pages\/1137\/revisions\/1659"}],"wp:attachment":[{"href":"https:\/\/isfdbagralpico-lpa.infd.edu.ar\/sitio\/wp-json\/wp\/v2\/media?parent=1137"}],"curies":[{"name":"wp","href":"https:\/\/api.w.org\/{rel}","templated":true}]}}