{"id":286,"date":"2024-02-15T20:31:29","date_gmt":"2024-02-15T23:31:29","guid":{"rendered":"https:\/\/isfdbagralpico-lpa.infd.edu.ar\/sitio\/?page_id=286"},"modified":"2024-09-16T21:28:08","modified_gmt":"2024-09-17T00:28:08","slug":"inicio","status":"publish","type":"page","link":"https:\/\/isfdbagralpico-lpa.infd.edu.ar\/sitio\/","title":{"rendered":"Inicio"},"content":{"rendered":"<p>&nbsp;<\/p>\n<p><img decoding=\"async\" loading=\"lazy\" class=\"size-medium wp-image-1526 aligncenter\" src=\"https:\/\/isfdbagralpico-lpa.infd.edu.ar\/sitio\/wp-content\/uploads\/2023\/09\/IMG_20230913_210736_8482-1000x563.jpg\" alt=\"\" width=\"1000\" height=\"563\" srcset=\"https:\/\/isfdbagralpico-lpa.infd.edu.ar\/sitio\/wp-content\/uploads\/2023\/09\/IMG_20230913_210736_8482-1000x563.jpg 1000w, https:\/\/isfdbagralpico-lpa.infd.edu.ar\/sitio\/wp-content\/uploads\/2023\/09\/IMG_20230913_210736_8482-1900x1069.jpg 1900w, https:\/\/isfdbagralpico-lpa.infd.edu.ar\/sitio\/wp-content\/uploads\/2023\/09\/IMG_20230913_210736_8482-768x432.jpg 768w, https:\/\/isfdbagralpico-lpa.infd.edu.ar\/sitio\/wp-content\/uploads\/2023\/09\/IMG_20230913_210736_8482-1536x864.jpg 1536w, https:\/\/isfdbagralpico-lpa.infd.edu.ar\/sitio\/wp-content\/uploads\/2023\/09\/IMG_20230913_210736_8482.jpg 1920w\" sizes=\"(max-width: 1000px) 100vw, 1000px\" \/><\/p>\n<p>&nbsp;<\/p>\n<p>&nbsp;<\/p>\n<div style=\"text-align: center;\"><span style=\"color: #808080;\"><span style=\"font-size: 10pt; font-family: Verdana;\">E<\/span><span style=\"font-size: 10pt; font-family: Verdana;\">ste Instituto Superior de Formaci\u00f3n Docente forma parte del sistema de educaci\u00f3n p\u00fablica de gesti\u00f3n estatal.<\/span><\/span><\/div>\n<div style=\"text-align: center;\"><span style=\"font-size: 10pt; font-family: Verdana; color: #808080;\">A trav\u00e9s de este sitio de Internet, nuestro Instituto podr\u00e1 comunicar novedades, acercar informaci\u00f3n, compartir experiencias y brindar apoyo y asesoramiento a estudiantes, docentes e interesados\/as en formar parte de esta comunidad educativa.<\/span><\/div>\n<div style=\"text-align: center;\"><span style=\"color: #808080;\"><span style=\"font-size: 10pt; font-family: Verdana;\">Junto con varios cientos de Institutos, integramos la <strong><em><span style=\"font-family: Verdana;\">Red Virtual de Institutos Superiores de Formaci\u00f3n Docente<\/span><\/em><\/strong> coordinada por el <strong><span style=\"font-family: Verdana;\">INFD<\/span><\/strong> (Institu<\/span><span style=\"font-size: 10pt; font-family: Verdana;\">to Nacional de Formaci\u00f3n Docente) dependiente del Ministerio de Educaci\u00f3n de la Naci\u00f3n Argentina.<\/span><\/span><\/div>\n<div>\u00a0<\/div>\n<div>\u00a0<\/div>\n<p>&nbsp;<\/p>\n<p>&nbsp;<\/p>\n<div>\u00a0<\/div>\n<div>\u00a0<\/div>\n<p>&nbsp;<\/p>\n<h3 style=\"text-align: center;\"><span style=\"color: #008000;\"><strong>\u00bfQuer\u00e9s saber qu\u00e9 pas\u00f3 en el Instituto en 2022?\u00a0<\/strong><\/span><\/h3>\n<p><a title=\"YouTube video player\" href=\"http:\/\/&lt;iframe width=\"><iframe loading=\"lazy\" title=\"YouTube video player\" src=\"https:\/\/www.youtube.com\/embed\/GbW19D4T_3c\" width=\"560\" height=\"315\" frameborder=\"0\" allowfullscreen=\"allowfullscreen\"><\/iframe><\/a><\/p>\n<p>&nbsp;<\/p>\n<h2 style=\"text-align: center;\">\u00a0<\/h2>\n<p>&nbsp;<\/p>\n<div>\n<p><img decoding=\"async\" loading=\"lazy\" class=\"size-medium wp-image-1365\" src=\"https:\/\/isfdbagralpico-lpa.infd.edu.ar\/sitio\/wp-content\/uploads\/2022\/08\/image-2-1000x325.jpg\" alt=\"imagenes ilustrativas\" width=\"1000\" height=\"325\" srcset=\"https:\/\/isfdbagralpico-lpa.infd.edu.ar\/sitio\/wp-content\/uploads\/2022\/08\/image-2-1000x325.jpg 1000w, https:\/\/isfdbagralpico-lpa.infd.edu.ar\/sitio\/wp-content\/uploads\/2022\/08\/image-2-768x250.jpg 768w, https:\/\/isfdbagralpico-lpa.infd.edu.ar\/sitio\/wp-content\/uploads\/2022\/08\/image-2-rotated.jpg 1237w\" sizes=\"(max-width: 1000px) 100vw, 1000px\" \/><\/p>\n<\/div>\n<p><img decoding=\"async\" loading=\"lazy\" class=\"size-full wp-image-1368\" src=\"https:\/\/isfdbagralpico-lpa.infd.edu.ar\/sitio\/wp-content\/uploads\/2022\/08\/Screenshot_20220824-223232.png\" alt=\"carreras\" width=\"1344\" height=\"833\" srcset=\"https:\/\/isfdbagralpico-lpa.infd.edu.ar\/sitio\/wp-content\/uploads\/2022\/08\/Screenshot_20220824-223232.png 1344w, https:\/\/isfdbagralpico-lpa.infd.edu.ar\/sitio\/wp-content\/uploads\/2022\/08\/Screenshot_20220824-223232-1000x620.png 1000w, https:\/\/isfdbagralpico-lpa.infd.edu.ar\/sitio\/wp-content\/uploads\/2022\/08\/Screenshot_20220824-223232-768x476.png 768w\" sizes=\"(max-width: 1344px) 100vw, 1344px\" \/><\/p>\n<p>&nbsp;<\/p>\n","protected":false},"excerpt":{"rendered":"<p>&nbsp; &nbsp; &nbsp; Este Instituto Superior de Formaci\u00f3n Docente forma parte del sistema de educaci\u00f3n p\u00fablica de gesti\u00f3n estatal. A trav\u00e9s de este sitio de Internet, nuestro Instituto podr\u00e1 comunicar novedades, acercar informaci\u00f3n, compartir experiencias y brindar apoyo y asesoramiento a estudiantes, docentes e interesados\/as en formar parte de esta comunidad educativa. Junto con varios &#8230; <a title=\"Inicio\" class=\"read-more\" href=\"https:\/\/isfdbagralpico-lpa.infd.edu.ar\/sitio\/\" aria-label=\"More on Inicio\">[+]<\/a><\/p>\n","protected":false},"author":1,"featured_media":0,"parent":0,"menu_order":0,"comment_status":"closed","ping_status":"closed","template":"","meta":[],"acf":[],"_links":{"self":[{"href":"https:\/\/isfdbagralpico-lpa.infd.edu.ar\/sitio\/wp-json\/wp\/v2\/pages\/286"}],"collection":[{"href":"https:\/\/isfdbagralpico-lpa.infd.edu.ar\/sitio\/wp-json\/wp\/v2\/pages"}],"about":[{"href":"https:\/\/isfdbagralpico-lpa.infd.edu.ar\/sitio\/wp-json\/wp\/v2\/types\/page"}],"author":[{"embeddable":true,"href":"https:\/\/isfdbagralpico-lpa.infd.edu.ar\/sitio\/wp-json\/wp\/v2\/users\/1"}],"replies":[{"embeddable":true,"href":"https:\/\/isfdbagralpico-lpa.infd.edu.ar\/sitio\/wp-json\/wp\/v2\/comments?post=286"}],"version-history":[{"count":275,"href":"https:\/\/isfdbagralpico-lpa.infd.edu.ar\/sitio\/wp-json\/wp\/v2\/pages\/286\/revisions"}],"predecessor-version":[{"id":1645,"href":"https:\/\/isfdbagralpico-lpa.infd.edu.ar\/sitio\/wp-json\/wp\/v2\/pages\/286\/revisions\/1645"}],"wp:attachment":[{"href":"https:\/\/isfdbagralpico-lpa.infd.edu.ar\/sitio\/wp-json\/wp\/v2\/media?parent=286"}],"curies":[{"name":"wp","href":"https:\/\/api.w.org\/{rel}","templated":true}]}}