{"id":851,"date":"2018-06-29T19:05:23","date_gmt":"2018-06-29T22:05:23","guid":{"rendered":"https:\/\/isfdbagralpico-lpa.infd.edu.ar\/sitio\/proyectos-institucionales-nacionales\/"},"modified":"2023-11-09T19:15:42","modified_gmt":"2023-11-09T22:15:42","slug":"proyectos-institucionales-nacionales","status":"publish","type":"page","link":"https:\/\/isfdbagralpico-lpa.infd.edu.ar\/sitio\/proyectos-institucionales-nacionales\/","title":{"rendered":"Proyectos Institucionales"},"content":{"rendered":"<h4>Proyecto de Fortalecimiento institucional<\/h4>\n<p>La l\u00ednea de acci\u00f3n \u201cProyectos de Fortalecimiento Institucional\u201d est\u00e1 inscripta en el Plan Nacional de Formaci\u00f3n Docente 2021-2023 que se estructura alrededor de los siguientes ejes: la integralidad del sistema formador, el fortalecimiento de las instituciones, los desaf\u00edos de la ense\u00f1anza en la nueva escena pedag\u00f3gica y, el protagonismo de los y las estudiantes en su formaci\u00f3n.<br \/>El proyecto est\u00e1 dise\u00f1ado para fortalecer un aspecto que consideramos clave para el Instituto Superior de Bellas Artes \u201cMunicipalidad de la ciudad de General Pico\u201d. Potenciar las instancias formativas que permiten trabajar transversalmente con unos de los ejes que<br \/>hacen a la educaci\u00f3n art\u00edstica que es el aprender a trav\u00e9s del juego y las instancias l\u00fadicas. Seleccionamos las Escuelas I en la sede General Pico, instituci\u00f3n vinculante, con sus diferentes niveles, con la que hemos establecido contacto para realizar el fortalecimiento considerando que su orientaci\u00f3n de base es en Artes, adem\u00e1s de ser un proyecto que se propone como innovador en relaci\u00f3n a la construcci\u00f3n de propuestas inclusivas.<\/p>\n<p><a href=\"https:\/\/isfdbagralpico-lpa.infd.edu.ar\/sitio\/wp-admin\/post.php?post=851&amp;action=edit\">Fragmentos de la experiencia<\/a><\/p>\n<p>\u00a0<\/p>\n<h4>Proyecto efem\u00e9rides en el ISBA<\/h4>\n<p>Hay fechas que son significativas para la historia institucional del ISBA. Estas son decididas cada a\u00f1o en el Consejo consultivo institucional. Se vienen conmemorando con diferentes propuestas organizadas por el estudiantado, el profesorado y el equipo de gesti\u00f3n donde se articulan los lenguajes art\u00edsticos.\u00a0<\/p>\n<p>Las fechas sensibles para el ISBA son el 8 de marzo: D\u00eda internacional de la mujer, 24 de marzo d\u00eda de la memoria, la verdad y la justicia, el 25 de mayo conmemoraci\u00f3n de la revoluci\u00f3n de Mayo, 4 de junio: Ni una menos, 9 de julio d\u00eda de la independencia , 17 de septiembre d\u00eda del Profesor\/a , 21 de septiembre: d\u00eda del estudiante; 15 de octubre el d\u00eda de las Artes y el 25 de noviembre: Jornada educar en igualdad . La propuesta es que se aborden desde cada unidad curricular reflexionando acerca de la importancia de estas fechas para la construcci\u00f3n de ciudadan\u00edas cr\u00edticas.<\/p>\n<p>Es responsabilidad como instituto formador de docentes y t\u00e9cnicos superiores concientizar sobre estas fechas sensibles a la identidad nacional y cultural de nuestro pa\u00eds.<\/p>\n<div id='gallery-1' class='gallery galleryid-851 gallery-columns-3 gallery-size-thumbnail'><figure class='gallery-item'>\n\t\t\t<div class='gallery-icon landscape'>\n\t\t\t\t<a href='https:\/\/isfdbagralpico-lpa.infd.edu.ar\/sitio\/proyectos-institucionales-nacionales\/recreos-intervenidos-2\/#main'><img width=\"500\" height=\"500\" src=\"https:\/\/isfdbagralpico-lpa.infd.edu.ar\/sitio\/wp-content\/uploads\/2021\/10\/Recreos-intervenidos-1-500x500.jpg\" class=\"attachment-thumbnail size-thumbnail\" alt=\"\" decoding=\"async\" loading=\"lazy\" \/><\/a>\n\t\t\t<\/div><\/figure><figure class='gallery-item'>\n\t\t\t<div class='gallery-icon landscape'>\n\t\t\t\t<a href='https:\/\/isfdbagralpico-lpa.infd.edu.ar\/sitio\/proyectos-institucionales-nacionales\/gedsc-digital-camera-11\/#main'><img width=\"500\" height=\"500\" src=\"https:\/\/isfdbagralpico-lpa.infd.edu.ar\/sitio\/wp-content\/uploads\/2021\/10\/Fausto-y-Jeni-2-500x500.jpg\" class=\"attachment-thumbnail size-thumbnail\" alt=\"\" decoding=\"async\" loading=\"lazy\" aria-describedby=\"gallery-1-1335\" \/><\/a>\n\t\t\t<\/div>\n\t\t\t\t<figcaption class='wp-caption-text gallery-caption' id='gallery-1-1335'>\n\t\t\t\tFausto y Jeny \n\t\t\t\t<\/figcaption><\/figure><figure class='gallery-item'>\n\t\t\t<div class='gallery-icon landscape'>\n\t\t\t\t<a href='https:\/\/isfdbagralpico-lpa.infd.edu.ar\/sitio\/proyectos-institucionales-nacionales\/expereincias-y-producciones\/#main'><img width=\"500\" height=\"500\" src=\"https:\/\/isfdbagralpico-lpa.infd.edu.ar\/sitio\/wp-content\/uploads\/2021\/10\/Expereincias-y-producciones-500x500.jpg\" class=\"attachment-thumbnail size-thumbnail\" alt=\"\" decoding=\"async\" loading=\"lazy\" srcset=\"https:\/\/isfdbagralpico-lpa.infd.edu.ar\/sitio\/wp-content\/uploads\/2021\/10\/Expereincias-y-producciones-500x500.jpg 500w, https:\/\/isfdbagralpico-lpa.infd.edu.ar\/sitio\/wp-content\/uploads\/2021\/10\/Expereincias-y-producciones-1000x1000.jpg 1000w, https:\/\/isfdbagralpico-lpa.infd.edu.ar\/sitio\/wp-content\/uploads\/2021\/10\/Expereincias-y-producciones-768x768.jpg 768w, https:\/\/isfdbagralpico-lpa.infd.edu.ar\/sitio\/wp-content\/uploads\/2021\/10\/Expereincias-y-producciones.jpg 1280w\" sizes=\"(max-width: 500px) 100vw, 500px\" \/><\/a>\n\t\t\t<\/div><\/figure>\n\t\t<\/div>\n\n<h4>Proyecto pr\u00e1cticas profesionalizantes en el ISBA<\/h4>\n<p>En el ISBA las pr\u00e1cticas profesionalizantes tanto desde las tecnicaturas como los profesorados son propuestas transversales a la formaci\u00f3n profesional<br \/>En cada a\u00f1o de formaci\u00f3n (de primero a tercero en la Tecnicatura y de primero a cuarto en el profesorado ) hay un espacio destinado a la integraci\u00f3n de saberes y capacidades y vinculaci\u00f3n con el contexto profesional de desempe\u00f1o<br \/>En los \u00faltimos a\u00f1os del profesorado se realizan los procesos de residencia en los niveles para que el titulo habilita y en las Tecnicaturas las pr\u00e1cticas profesionales en las organizaciones para los que su t\u00edtulo los habilita.<\/p>\n<h4>Proyecto de extensi\u00f3n Desarrollo de un centro interactivo en la Reserva Natural Urbana \u201cBenicio Delf\u00edn P\u00e9rez\u201d, General Pico, La Pampa\u201d<\/h4>\n<h6>Aprobado por Resoluci\u00f3n 066\/ 20 del Consejo Superior de la UNLPam. Participan:<\/h6>\n<p>1.-Facultad de Ciencias Veterinarias de la Universidad Nacional de La Pampa<\/p>\n<p>2.-Municipalidad de General Pico<\/p>\n<p>3 -Instituto Superior de Bellas Arte<\/p>\n<p>4. Instituto Tecnol\u00f3gico de Educaci\u00f3n Superior Santa Rosa<\/p>\n<p><a href=\"http:\/\/www.unlpam.edu.ar\/cultura-y-extension\/extension-universitaria\/programas\/derechos-ambientales\/peu-2019-reserva-natural\">Informaci\u00f3n del Proyecto<\/a><\/p>\n<p><a href=\"https:\/\/padlet.com\/ldeaurelli\/Bookmarks\">Algunas producciones<\/a><\/p>\n<p>\u00a0<\/p>\n<p><!--more--><img decoding=\"async\" loading=\"lazy\" class=\"alignnone size-medium wp-image-1467\" src=\"https:\/\/isfdbagralpico-lpa.infd.edu.ar\/sitio\/wp-content\/uploads\/2023\/08\/355463301_981666316305699_2805064447530877286_n-1000x817.jpg\" alt=\"\" width=\"1000\" height=\"817\" srcset=\"https:\/\/isfdbagralpico-lpa.infd.edu.ar\/sitio\/wp-content\/uploads\/2023\/08\/355463301_981666316305699_2805064447530877286_n-1000x817.jpg 1000w, https:\/\/isfdbagralpico-lpa.infd.edu.ar\/sitio\/wp-content\/uploads\/2023\/08\/355463301_981666316305699_2805064447530877286_n-768x627.jpg 768w, https:\/\/isfdbagralpico-lpa.infd.edu.ar\/sitio\/wp-content\/uploads\/2023\/08\/355463301_981666316305699_2805064447530877286_n.jpg 1080w\" sizes=\"(max-width: 1000px) 100vw, 1000px\" \/><\/p>\n<hr \/>\n<h3>Convenio con la Fundaci\u00f3n para el desarrollo Regional (FDR)<\/h3>\n<p style=\"text-align: left;\">En el marco de las pr\u00e1cticas profesionales de la Tecnicatura en Desarrollo y Gesti\u00f3n de microemprendimientos se firm\u00f3 durante el a\u00f1o 2021 un convenio con la FDR. Esta fundaci\u00f3n selecciona los\/as emprendedores\/ as que ser\u00e1n asesorados\/as por nuestro estudiantado en el marco del Taller de pr\u00e1cticas III . Se parte de analizar cada proyecto y realizar un proceso de investigaci\u00f3n colaborativo con el\/la emprendedor\/a que permita plantear alternativas posibles al dise\u00f1o y desarrollo del proyecto de microemprendimiento.<\/p>\n<h3><u>Proyecto Tutor\u00eda de Pares<\/u><\/h3>\n<div>\n<p>Este proyecto es un programa de acompa\u00f1amiento a los ingresantes, cuyo prop\u00f3sito ha sido acompa\u00f1ar en el ingreso y desarrollo de las trayectorias de su formaci\u00f3n inicial. Los profesores de los espacios curriculares del primer a\u00f1o, han implementado diferentes estrategias iniciales para que los estudiantes acompa\u00f1en su inserci\u00f3n con materiales que favorezcan sus futuros procesos de ense\u00f1anza y de aprendizaje.<\/p>\n<\/div>\n<div>Hasta el momento se ofrece:<\/div>\n<ul>\n<li>Dibujo I y II Profesorado artes visuales<\/li>\n<li>Instrumento fundamental II Guitarra Profesorado M\u00fasica<\/li>\n<li>Pr\u00e1ctica y reflexi\u00f3n docentes II Profesorado de artes visuales y de M\u00fasica<\/li>\n<\/ul>\n<p><a href=\"https:\/\/isfdbagralpico-lpa.infd.edu.ar\/sitio\/wp-content\/uploads\/2019\/04\/tutorias-de-pares.pdf\">PROYECTO<\/a><\/p>\n<hr \/>\n\n\n<p><\/p>\n","protected":false},"excerpt":{"rendered":"<p>Proyecto de Fortalecimiento institucional La l\u00ednea de acci\u00f3n \u201cProyectos de Fortalecimiento Institucional\u201d est\u00e1 inscripta en el Plan Nacional de Formaci\u00f3n Docente 2021-2023 que se estructura alrededor de los siguientes ejes: la integralidad del sistema formador, el fortalecimiento de las instituciones, los desaf\u00edos de la ense\u00f1anza en la nueva escena pedag\u00f3gica y, el protagonismo de los &#8230; <a title=\"Proyectos Institucionales\" class=\"read-more\" href=\"https:\/\/isfdbagralpico-lpa.infd.edu.ar\/sitio\/proyectos-institucionales-nacionales\/\" aria-label=\"More on Proyectos Institucionales\">[+]<\/a><\/p>\n","protected":false},"author":992,"featured_media":0,"parent":0,"menu_order":0,"comment_status":"closed","ping_status":"closed","template":"","meta":[],"acf":[],"_links":{"self":[{"href":"https:\/\/isfdbagralpico-lpa.infd.edu.ar\/sitio\/wp-json\/wp\/v2\/pages\/851"}],"collection":[{"href":"https:\/\/isfdbagralpico-lpa.infd.edu.ar\/sitio\/wp-json\/wp\/v2\/pages"}],"about":[{"href":"https:\/\/isfdbagralpico-lpa.infd.edu.ar\/sitio\/wp-json\/wp\/v2\/types\/page"}],"author":[{"embeddable":true,"href":"https:\/\/isfdbagralpico-lpa.infd.edu.ar\/sitio\/wp-json\/wp\/v2\/users\/992"}],"replies":[{"embeddable":true,"href":"https:\/\/isfdbagralpico-lpa.infd.edu.ar\/sitio\/wp-json\/wp\/v2\/comments?post=851"}],"version-history":[{"count":24,"href":"https:\/\/isfdbagralpico-lpa.infd.edu.ar\/sitio\/wp-json\/wp\/v2\/pages\/851\/revisions"}],"predecessor-version":[{"id":1543,"href":"https:\/\/isfdbagralpico-lpa.infd.edu.ar\/sitio\/wp-json\/wp\/v2\/pages\/851\/revisions\/1543"}],"wp:attachment":[{"href":"https:\/\/isfdbagralpico-lpa.infd.edu.ar\/sitio\/wp-json\/wp\/v2\/media?parent=851"}],"curies":[{"name":"wp","href":"https:\/\/api.w.org\/{rel}","templated":true}]}}