{"id":873,"date":"2018-06-29T19:05:33","date_gmt":"2018-06-29T22:05:33","guid":{"rendered":"https:\/\/isfdbagralpico-lpa.infd.edu.ar\/sitio\/calendario-academico\/"},"modified":"2024-05-13T21:57:18","modified_gmt":"2024-05-14T00:57:18","slug":"calendario-academico","status":"publish","type":"page","link":"https:\/\/isfdbagralpico-lpa.infd.edu.ar\/sitio\/calendario-academico\/","title":{"rendered":"Calendario Acad\u00e9mico"},"content":{"rendered":"<h2 style=\"text-align: center;\"><img decoding=\"async\" loading=\"lazy\" class=\"alignnone size-full wp-image-1147\" src=\"https:\/\/isfdbagralpico-lpa.infd.edu.ar\/sitio\/wp-content\/uploads\/2019\/05\/calendar-rojo.png\" alt=\"\" width=\"400\" height=\"300\" \/><\/h2>\n<h2 style=\"font-family: 'Arial','sans-serif'; padding-left: 20px; text-align: center;\"><b>Calendario Acad\u00e9mico 2024<\/b><\/h2>\n<p><span style=\"font-weight: 400;\">\u00a0<strong>14 de febrero<\/strong>\u00a0 Fin del periodo de Licencia del descanso Anual. Presentaci\u00f3n de la totalidad del Personal Docente en las Instituciones.\u00a0<\/span><\/p>\n<p><span style=\"font-weight: 400;\"><strong>Hasta el 28 de febrero<\/strong>\u00a0 Inscripciones para aspirantes por el Voz por vos a primer a\u00f1o de las carreras aprobadas\u00a0<\/span><\/p>\n<p><span style=\"font-weight: 400;\"><strong>14 de febrero al 22 de febrero<\/strong> Jornadas de Apertura del Ciclo Lectivo 2024 con Direcciones de Instituciones Educativas de los niveles y modalidades, Coordinaciones de \u00c1rea, Territoriales, de Especial y Secretar\u00edas T\u00e9cnicas.<\/span><\/p>\n<p><span style=\"font-weight: 400;\"><strong>12\/2 y hasta 15\/2<\/strong>\u00a0 inscripciones a ex\u00e1menes finales correspondiente al turno Febrero 2024.<\/span><\/p>\n<p><span style=\"font-weight: 400;\"><strong>26 al 29 de febrero<\/strong> inscripci\u00f3n a las mesas turno marzo\u00a0<\/span><\/p>\n<p><span style=\"font-weight: 400;\"><strong>4 al 9\u00a0 marzo.<\/strong>\u00a0 Instancias de Ex\u00e1menes finales.\u00a0<\/span><\/p>\n<p><span style=\"font-weight: 400;\"><strong>4 al 11 de marzo<\/strong> designaciones docentes\u00a0 por el <\/span><b>\u201cVoz por vos\u201d<\/b><\/p>\n<p><span style=\"font-weight: 400;\"><strong>5 de marzo<\/strong>\u00a0 Sorteo de aspirantes al ingreso a 1\u00b0 a\u00f1o de las Carreras definici\u00f3n de inscriptos.<\/span><\/p>\n<p><span style=\"font-weight: 400;\"><strong>11 al 16 de marzo<\/strong> Periodo de ambientaci\u00f3n y socializaci\u00f3n (DAS) para estudiantes de primer a\u00f1o de las carreras con cohorte aprobada. Inicio del ciclo lectivo para todo el estudiantado\u00a0<\/span><\/p>\n<p><span style=\"font-weight: 400;\"><strong>18 de marzo<\/strong> primera Jornada institucional\u00a0<\/span><\/p>\n<p><span style=\"font-weight: 400;\"><strong>10 de abril<\/strong> Acto de colaci\u00f3n de grados Cumplea\u00f1os del ISBA<\/span><\/p>\n<p><span style=\"font-weight: 400;\"><strong>15 de abril<\/strong> Final de Presentaci\u00f3n de programas del ciclo lectivo 2024 a las secretar\u00edas acad\u00e9micas y jefas de \u00e1rea.\u00a0<\/span><\/p>\n<p><span style=\"font-weight: 400;\"><strong>15 al 19 abril\u00a0<\/strong> Inscripci\u00f3n de Evaluaci\u00f3n Final sin suspensi\u00f3n de actividades para los\/as estudiantes condicionales.\u00a0<\/span><\/p>\n<p><span style=\"font-weight: 400;\"><strong>22 al 26 abril-\u00a0<\/strong> Instancias de Evaluaci\u00f3n Final sin suspensi\u00f3n de actividades para los\/as estudiantes.<\/span><\/p>\n<p><span style=\"font-weight: 400;\"><strong>30 de mayo-\u00a0<\/strong> finalizaci\u00f3n de devoluciones de\u00a0 las secretar\u00edas acad\u00e9micas y jefas de \u00e1rea de los programas de estudio del ciclo lectivo 2024.\u00a0\u00a0\u00a0<\/span><\/p>\n<p><span style=\"font-weight: 400;\"><strong>11 de junio-<\/strong> <\/span><span style=\"font-weight: 400;\">Jornada institucional en el marco del plan de formaci\u00f3n docente Pampeano<\/span><span style=\"font-weight: 400;\">\u00a0 \u00a0 \u00a0 \u00a0 \u00a0 \u00a0 \u00a0 \u00a0 \u00a0 \u00a0 <\/span><\/p>\n<p><span style=\"font-weight: 400;\">\u00a0<\/span><span style=\"font-weight: 400;\"><strong>10 al 23 de julio<\/strong>\u00a0 Receso invernal<\/span><\/p>\n<p><span style=\"font-weight: 400;\"><strong>22 al 25 de julio<\/strong> inscripciones a mesas de examen llamado de julio\u00a0<\/span><\/p>\n<p><span style=\"font-weight: 400;\"><strong>29 de julio al 2 de agosto. <\/strong>Mesas de examen. Llamado de Julio<\/span><\/p>\n<p><span style=\"font-weight: 400;\"><strong>7 de agosto<\/strong> inicio cursadas\u00a0<\/span><\/p>\n<p><span style=\"font-weight: 400;\"><strong>29 de agosto<\/strong> Expo carreras Santa Rosa<\/span><\/p>\n<p><span style=\"font-weight: 400;\"><strong>3 de Septiembre<\/strong> Jornada institucional en el marco del plan de formaci\u00f3n docente Pampeano<\/span><\/p>\n<p><span style=\"font-weight: 400;\"><strong>9 al 11 de septiembre<\/strong> Inscripciones de Evaluaci\u00f3n Final sin suspensi\u00f3n de actividades para los\/las estudiantes.\u00a0<\/span><\/p>\n<p><span style=\"font-weight: 400;\"><strong>16 al 20 septiembre<\/strong> Instancias de Evaluaci\u00f3n Final sin suspensi\u00f3n de actividades para los\/as estudiantes.<\/span><\/p>\n<p><span style=\"font-weight: 400;\"><strong>11 al 15 de noviembre<\/strong> Semana de la Educaci\u00f3n T\u00e9cnico Profesional.<\/span><\/p>\n<p><span style=\"font-weight: 400;\"><strong>27 de noviembre<\/strong> finalizaci\u00f3n de segundo cuatrimestre<\/span><\/p>\n<p><strong>28 de noviembre<\/strong><span style=\"font-weight: 400;\">\u00a0Jornada institucional en el marco del plan de formaci\u00f3n docente Pampeano<\/span><\/p>\n<p><span style=\"font-weight: 400;\"><strong>27 noviembre al 4 de diciembre<\/strong> Inscripciones de instancias de Evaluaci\u00f3n Final para los\/las estudiantes<\/span><\/p>\n<p><span style=\"font-weight: 400;\"><strong>9 al 14 diciembre<\/strong> Instancias de evaluaci\u00f3n final para los\/las estudiantes.<\/span><\/p>\n<p><span style=\"font-weight: 400;\"><strong>16 de diciembre<\/strong> Inicio de inscripci\u00f3n a carreras con cohorte aprobadas.<\/span><\/p>\n<p><span style=\"font-weight: 400;\"><strong>13 de marzo<\/strong> Jornada institucional en el marco del plan de formaci\u00f3n docente Pampeano<\/span><\/p>\n<p><span style=\"font-weight: 400;\">Mesas de examen de febrero\u00a0<\/span><\/p>\n<h6><\/h6>\n<h5><\/h5>\n<h6 style=\"text-align: left; padding-left: 30px;\"><\/h6>\n<h5 style=\"text-align: center; padding-left: 30px;\"><\/h5>\n","protected":false},"excerpt":{"rendered":"<p>Calendario Acad\u00e9mico 2024 \u00a014 de febrero\u00a0 Fin del periodo de Licencia del descanso Anual. Presentaci\u00f3n de la totalidad del Personal Docente en las Instituciones.\u00a0 Hasta el 28 de febrero\u00a0 Inscripciones para aspirantes por el Voz por vos a primer a\u00f1o de las carreras aprobadas\u00a0 14 de febrero al 22 de febrero Jornadas de Apertura del &#8230; <a title=\"Calendario Acad\u00e9mico\" class=\"read-more\" href=\"https:\/\/isfdbagralpico-lpa.infd.edu.ar\/sitio\/calendario-academico\/\" aria-label=\"More on Calendario Acad\u00e9mico\">[+]<\/a><\/p>\n","protected":false},"author":1605,"featured_media":0,"parent":0,"menu_order":0,"comment_status":"closed","ping_status":"closed","template":"","meta":[],"acf":[],"_links":{"self":[{"href":"https:\/\/isfdbagralpico-lpa.infd.edu.ar\/sitio\/wp-json\/wp\/v2\/pages\/873"}],"collection":[{"href":"https:\/\/isfdbagralpico-lpa.infd.edu.ar\/sitio\/wp-json\/wp\/v2\/pages"}],"about":[{"href":"https:\/\/isfdbagralpico-lpa.infd.edu.ar\/sitio\/wp-json\/wp\/v2\/types\/page"}],"author":[{"embeddable":true,"href":"https:\/\/isfdbagralpico-lpa.infd.edu.ar\/sitio\/wp-json\/wp\/v2\/users\/1605"}],"replies":[{"embeddable":true,"href":"https:\/\/isfdbagralpico-lpa.infd.edu.ar\/sitio\/wp-json\/wp\/v2\/comments?post=873"}],"version-history":[{"count":17,"href":"https:\/\/isfdbagralpico-lpa.infd.edu.ar\/sitio\/wp-json\/wp\/v2\/pages\/873\/revisions"}],"predecessor-version":[{"id":1629,"href":"https:\/\/isfdbagralpico-lpa.infd.edu.ar\/sitio\/wp-json\/wp\/v2\/pages\/873\/revisions\/1629"}],"wp:attachment":[{"href":"https:\/\/isfdbagralpico-lpa.infd.edu.ar\/sitio\/wp-json\/wp\/v2\/media?parent=873"}],"curies":[{"name":"wp","href":"https:\/\/api.w.org\/{rel}","templated":true}]}}