{"id":878,"date":"2018-06-29T19:05:35","date_gmt":"2018-06-29T22:05:35","guid":{"rendered":"https:\/\/isfdbagralpico-lpa.infd.edu.ar\/sitio\/profesorado-de-artes-visuales\/"},"modified":"2019-05-24T12:10:50","modified_gmt":"2019-05-24T15:10:50","slug":"profesorado-de-artes-visuales","status":"publish","type":"page","link":"https:\/\/isfdbagralpico-lpa.infd.edu.ar\/sitio\/profesorado-de-artes-visuales\/","title":{"rendered":"Profesorado de Artes Visuales"},"content":{"rendered":"<p style=\"text-align: left;\"><img decoding=\"async\" loading=\"lazy\" class=\"size-full wp-image-1043 aligncenter\" src=\"https:\/\/isfdbagralpico-lpa.infd.edu.ar\/sitio\/wp-content\/uploads\/2019\/04\/isba_artesvisuales-1000x330.jpg\" alt=\"\" width=\"1000\" height=\"327\" \/><\/p>\n<p><b>Denominaci\u00f3n de la carrera:<\/b> Profesorado de Artes Visuales<\/p>\n<p><b>Titulo a otorgar:<\/b> Profesor\/a de Artes Visuales<\/p>\n<p><b>Duraci\u00f3n en la carrera en a\u00f1os acad\u00e9micos:<\/b> 4 (cuatro) a\u00f1os<\/p>\n<p><b>Perfil del egresado:<\/b> El futuro Profesor de Artes Visuales ser\u00e1 un docente comprometido con la ense\u00f1anza y los aprendizajes en los contextos actuales, poniendo de relieve los saberes que va construyendo en sus pr\u00e1cticas cotidianas, recuperando la formaci\u00f3n docente inicial en Artes como preparaci\u00f3n para las tareas espec\u00edficas de la actividad profesional.<br \/>\nSe favorece la formaci\u00f3n de un docente que vincule permanentemente distintos saberes: saberes eruditos, el saber hacer\/ saber crear; el saber integrar y el saber construir con otros y para otros.<br \/>\nSe piensa en un futuro docente no s\u00f3lo competido con su formaci\u00f3n personal sino con la docencia como formaci\u00f3n permanente y continua; proponiendo procesos de ense\u00f1anza y de aprendizajes desde la Educaci\u00f3n Art\u00edstica que permitan la transformaci\u00f3n social a trav\u00e9s de la Alfabetizaci\u00f3n Visual.<\/p>\n<p><span lang=\"ES-TRAD\"><span style=\"font-size: medium; font-family: Arial;\"><br \/>\n<span lang=\"ES-TRAD\"><span style=\"font-size: 12pt;\"><a title=\"VISUALES-PLAN\" href=\"https:\/\/isfdbagralpico-lpa.infd.edu.ar\/sitio\/wp-content\/uploads\/2019\/05\/ProfesoradoArtesVisualeI.pdf\" target=\"_blank\" rel=\"noopener\">Plan de Estudio<\/a><\/span><\/span><\/span><\/span><br \/>\n<span lang=\"ES-TRAD\"><span style=\"font-size: medium; font-family: Arial;\"><br \/>\n<span lang=\"ES-TRAD\"><span style=\"font-size: 12pt;\"><a title=\"DISE\u00d1O-CURRICULAR\" href=\"https:\/\/isfdbagralpico-lpa.infd.edu.ar\/sitio\/wp-content\/uploads\/2019\/04\/mc_profesoradoartesvisuales_2016.pdf\" target=\"_blank\" rel=\"noopener\">Dise\u00f1o Curricular<\/a><\/span><\/span><\/span><\/span><\/p>\n","protected":false},"excerpt":{"rendered":"<p>Denominaci\u00f3n de la carrera: Profesorado de Artes Visuales Titulo a otorgar: Profesor\/a de Artes Visuales Duraci\u00f3n en la carrera en a\u00f1os acad\u00e9micos: 4 (cuatro) a\u00f1os Perfil del egresado: El futuro Profesor de Artes Visuales ser\u00e1 un docente comprometido con la ense\u00f1anza y los aprendizajes en los contextos actuales, poniendo de relieve los saberes que va &#8230; <a title=\"Profesorado de Artes Visuales\" class=\"read-more\" href=\"https:\/\/isfdbagralpico-lpa.infd.edu.ar\/sitio\/profesorado-de-artes-visuales\/\" aria-label=\"More on Profesorado de Artes Visuales\">[+]<\/a><\/p>\n","protected":false},"author":992,"featured_media":0,"parent":0,"menu_order":0,"comment_status":"closed","ping_status":"closed","template":"","meta":[],"acf":[],"_links":{"self":[{"href":"https:\/\/isfdbagralpico-lpa.infd.edu.ar\/sitio\/wp-json\/wp\/v2\/pages\/878"}],"collection":[{"href":"https:\/\/isfdbagralpico-lpa.infd.edu.ar\/sitio\/wp-json\/wp\/v2\/pages"}],"about":[{"href":"https:\/\/isfdbagralpico-lpa.infd.edu.ar\/sitio\/wp-json\/wp\/v2\/types\/page"}],"author":[{"embeddable":true,"href":"https:\/\/isfdbagralpico-lpa.infd.edu.ar\/sitio\/wp-json\/wp\/v2\/users\/992"}],"replies":[{"embeddable":true,"href":"https:\/\/isfdbagralpico-lpa.infd.edu.ar\/sitio\/wp-json\/wp\/v2\/comments?post=878"}],"version-history":[{"count":23,"href":"https:\/\/isfdbagralpico-lpa.infd.edu.ar\/sitio\/wp-json\/wp\/v2\/pages\/878\/revisions"}],"predecessor-version":[{"id":1162,"href":"https:\/\/isfdbagralpico-lpa.infd.edu.ar\/sitio\/wp-json\/wp\/v2\/pages\/878\/revisions\/1162"}],"wp:attachment":[{"href":"https:\/\/isfdbagralpico-lpa.infd.edu.ar\/sitio\/wp-json\/wp\/v2\/media?parent=878"}],"curies":[{"name":"wp","href":"https:\/\/api.w.org\/{rel}","templated":true}]}}