{"id":880,"date":"2018-06-29T19:05:36","date_gmt":"2018-06-29T22:05:36","guid":{"rendered":"https:\/\/isfdbagralpico-lpa.infd.edu.ar\/sitio\/profesorado-de-musica-2\/"},"modified":"2019-04-16T14:13:42","modified_gmt":"2019-04-16T17:13:42","slug":"profesorado-de-musica-2","status":"publish","type":"page","link":"https:\/\/isfdbagralpico-lpa.infd.edu.ar\/sitio\/profesorado-de-musica-2\/","title":{"rendered":"Profesorado de M\u00fasica"},"content":{"rendered":"<p style=\"text-align: left;\"><img decoding=\"async\" loading=\"lazy\" class=\"size-full wp-image-1043 aligncenter\" src=\"https:\/\/isfdbagralpico-lpa.infd.edu.ar\/sitio\/wp-content\/uploads\/2019\/04\/isba_musica-1000x330.jpg\" alt=\"\" width=\"1000\" height=\"327\" \/><\/p>\n<p><b>Denominaci\u00f3n de la carrera:<\/b> Profesorado de M\u00fasica<\/p>\n<p><b>Titulo a otorgar:<\/b> Profesor\/a de M\u00fasica<\/p>\n<p><b>Duraci\u00f3n en la carrera en a\u00f1os acad\u00e9micos:<\/b> 4 (cuatro) a\u00f1os<\/p>\n<p><b>Perfil del egresado:<\/b> El futuro Profesor de M\u00fasica ser\u00e1 capaz de fomentar y desarrollar la sensibilidad y la capacidad creativa de la persona en un marco de valoraci\u00f3n y protecci\u00f3n del patrimonio natural y cultural; material y simb\u00f3lico de las diversas comunidades; formar un profesional cr\u00edtico, comprometido, innovador, que sea capaz de interactuar dentro de las cambiantes complejidades sociales de la realidad educativa.<br \/>\nSe promueve la formaci\u00f3n de un profesor que sea capaz de gestionar y colaborar con proyectos institucionales y comunitarios, escolares y extra escolares, atendiendo a la diversidad de circuitos culturales y al comportamiento est\u00e9tico de la sociedad; integrando el lenguaje musical con los conocimientos de otros campos disciplinares.<br \/>\nUn docente que defina a la m\u00fasica como lenguaje, arte y ciencia que contribuye al desarrollo de las capacidades cofnitivas, psicol\u00f3gicas y sociales del estudiante defendiendo y fundamentando su disciplina como un elemento necesario en la formaci\u00f3n integral del individuo.<\/p>\n<p><span lang=\"ES-TRAD\"><span style=\"font-size: medium; font-family: Arial;\"><br \/>\n<span lang=\"ES-TRAD\"><span style=\"font-size: 12pt;\"><a title=\"MUSICA-PLAN 2016\" href=\"https:\/\/isfdbagralpico-lpa.infd.edu.ar\/sitio\/wp-content\/uploads\/2019\/04\/PLAN2016ProfesoradoMusica.pdf\" target=\"_blank\" rel=\"noopener\">Plan de Estudio<\/a><\/span><\/span><\/span><\/span><br \/>\n<span lang=\"ES-TRAD\"><span style=\"font-size: medium; font-family: Arial;\"><br \/>\n<span lang=\"ES-TRAD\"><span style=\"font-size: 12pt;\"><a title=\"DISE\u00d1O-CURRICULAR\" href=\"https:\/\/isfdbagralpico-lpa.infd.edu.ar\/sitio\/wp-content\/uploads\/2019\/04\/mce_profesoradomusica.pdf\" target=\"_blank\" rel=\"noopener\">Dise\u00f1o Curricular<\/a><\/span><\/span><\/span><\/span><\/p>\n","protected":false},"excerpt":{"rendered":"<p>Denominaci\u00f3n de la carrera: Profesorado de M\u00fasica Titulo a otorgar: Profesor\/a de M\u00fasica Duraci\u00f3n en la carrera en a\u00f1os acad\u00e9micos: 4 (cuatro) a\u00f1os Perfil del egresado: El futuro Profesor de M\u00fasica ser\u00e1 capaz de fomentar y desarrollar la sensibilidad y la capacidad creativa de la persona en un marco de valoraci\u00f3n y protecci\u00f3n del patrimonio &#8230; <a title=\"Profesorado de M\u00fasica\" class=\"read-more\" href=\"https:\/\/isfdbagralpico-lpa.infd.edu.ar\/sitio\/profesorado-de-musica-2\/\" aria-label=\"More on Profesorado de M\u00fasica\">[+]<\/a><\/p>\n","protected":false},"author":992,"featured_media":0,"parent":0,"menu_order":0,"comment_status":"closed","ping_status":"closed","template":"","meta":[],"acf":[],"_links":{"self":[{"href":"https:\/\/isfdbagralpico-lpa.infd.edu.ar\/sitio\/wp-json\/wp\/v2\/pages\/880"}],"collection":[{"href":"https:\/\/isfdbagralpico-lpa.infd.edu.ar\/sitio\/wp-json\/wp\/v2\/pages"}],"about":[{"href":"https:\/\/isfdbagralpico-lpa.infd.edu.ar\/sitio\/wp-json\/wp\/v2\/types\/page"}],"author":[{"embeddable":true,"href":"https:\/\/isfdbagralpico-lpa.infd.edu.ar\/sitio\/wp-json\/wp\/v2\/users\/992"}],"replies":[{"embeddable":true,"href":"https:\/\/isfdbagralpico-lpa.infd.edu.ar\/sitio\/wp-json\/wp\/v2\/comments?post=880"}],"version-history":[{"count":6,"href":"https:\/\/isfdbagralpico-lpa.infd.edu.ar\/sitio\/wp-json\/wp\/v2\/pages\/880\/revisions"}],"predecessor-version":[{"id":1128,"href":"https:\/\/isfdbagralpico-lpa.infd.edu.ar\/sitio\/wp-json\/wp\/v2\/pages\/880\/revisions\/1128"}],"wp:attachment":[{"href":"https:\/\/isfdbagralpico-lpa.infd.edu.ar\/sitio\/wp-json\/wp\/v2\/media?parent=880"}],"curies":[{"name":"wp","href":"https:\/\/api.w.org\/{rel}","templated":true}]}}